{"id":218,"date":"2024-03-06T14:46:23","date_gmt":"2024-03-06T13:46:23","guid":{"rendered":"https:\/\/dev.acrv.fr\/frenchparis\/contact\/"},"modified":"2024-05-17T10:33:18","modified_gmt":"2024-05-17T08:33:18","slug":"contact","status":"publish","type":"page","link":"https:\/\/www.paris-junior.com\/fr\/contact\/","title":{"rendered":"Contact"},"content":{"rendered":"","protected":false},"excerpt":{"rendered":"","protected":false},"author":1,"featured_media":776,"parent":0,"menu_order":0,"comment_status":"closed","ping_status":"closed","template":"page-template-builder.php","meta":{"_acf_changed":false,"footnotes":""},"class_list":["post-218","page","type-page","status-publish","has-post-thumbnail","hentry"],"acf":[],"yoast_head":"<!-- This site is optimized with the Yoast SEO Premium plugin v27.5 (Yoast SEO v27.5) - https:\/\/yoast.com\/product\/yoast-seo-premium-wordpress\/ -->\n<title>Contactez French-Paris pour un cours de fran\u00e7ais - French Paris<\/title>\n<meta name=\"description\" content=\"Contactez French-Paris pour choisir votre cours de fran\u00e7ais \u00e0 Paris et en France: cours de fran\u00e7ais intensif, semi-intensif ou de pr\u00e9paration aux examens.\" \/>\n<meta name=\"robots\" content=\"index, follow, max-snippet:-1, max-image-preview:large, max-video-preview:-1\" \/>\n<link rel=\"canonical\" href=\"https:\/\/www.paris-junior.com\/fr\/contact\/\" \/>\n<meta property=\"og:locale\" content=\"fr_FR\" \/>\n<meta property=\"og:type\" content=\"article\" \/>\n<meta property=\"og:title\" content=\"Contact\" \/>\n<meta property=\"og:description\" content=\"Contactez French-Paris pour choisir votre cours de fran\u00e7ais \u00e0 Paris et en France: cours de fran\u00e7ais intensif, semi-intensif ou de pr\u00e9paration aux examens.\" \/>\n<meta property=\"og:url\" content=\"https:\/\/www.paris-junior.com\/fr\/contact\/\" \/>\n<meta property=\"og:site_name\" content=\"Paris Junior\" \/>\n<meta property=\"article:modified_time\" content=\"2024-05-17T08:33:18+00:00\" \/>\n<meta property=\"og:image\" content=\"https:\/\/www.paris-junior.com\/wp-content\/uploads\/2024\/05\/img-paris-junior-a6a4f9ecaa9f43b94ce2c580a2424b75.webp\" \/>\n\t<meta property=\"og:image:width\" content=\"1400\" \/>\n\t<meta property=\"og:image:height\" content=\"650\" \/>\n\t<meta property=\"og:image:type\" content=\"image\/webp\" \/>\n<meta name=\"twitter:card\" content=\"summary_large_image\" \/>\n<meta name=\"twitter:label1\" content=\"Dur\u00e9e de lecture estim\u00e9e\" \/>\n\t<meta name=\"twitter:data1\" content=\"1 minute\" \/>\n<script type=\"application\/ld+json\" class=\"yoast-schema-graph\">{\"@context\":\"https:\\\/\\\/schema.org\",\"@graph\":[{\"@type\":\"WebPage\",\"@id\":\"https:\\\/\\\/www.paris-junior.com\\\/fr\\\/contact\\\/\",\"url\":\"https:\\\/\\\/www.paris-junior.com\\\/fr\\\/contact\\\/\",\"name\":\"Contactez French-Paris pour un cours de fran\u00e7ais - French Paris\",\"isPartOf\":{\"@id\":\"https:\\\/\\\/www.paris-junior.com\\\/fr\\\/#website\"},\"primaryImageOfPage\":{\"@id\":\"https:\\\/\\\/www.paris-junior.com\\\/fr\\\/contact\\\/#primaryimage\"},\"image\":{\"@id\":\"https:\\\/\\\/www.paris-junior.com\\\/fr\\\/contact\\\/#primaryimage\"},\"thumbnailUrl\":\"https:\\\/\\\/www.paris-junior.com\\\/wp-content\\\/uploads\\\/2024\\\/05\\\/img-paris-junior-a6a4f9ecaa9f43b94ce2c580a2424b75.webp\",\"datePublished\":\"2024-03-06T13:46:23+00:00\",\"dateModified\":\"2024-05-17T08:33:18+00:00\",\"description\":\"Contactez French-Paris pour choisir votre cours de fran\u00e7ais \u00e0 Paris et en France: cours de fran\u00e7ais intensif, semi-intensif ou de pr\u00e9paration aux examens.\",\"breadcrumb\":{\"@id\":\"https:\\\/\\\/www.paris-junior.com\\\/fr\\\/contact\\\/#breadcrumb\"},\"inLanguage\":\"fr-FR\",\"potentialAction\":[{\"@type\":\"ReadAction\",\"target\":[\"https:\\\/\\\/www.paris-junior.com\\\/fr\\\/contact\\\/\"]}]},{\"@type\":\"ImageObject\",\"inLanguage\":\"fr-FR\",\"@id\":\"https:\\\/\\\/www.paris-junior.com\\\/fr\\\/contact\\\/#primaryimage\",\"url\":\"https:\\\/\\\/www.paris-junior.com\\\/wp-content\\\/uploads\\\/2024\\\/05\\\/img-paris-junior-a6a4f9ecaa9f43b94ce2c580a2424b75.webp\",\"contentUrl\":\"https:\\\/\\\/www.paris-junior.com\\\/wp-content\\\/uploads\\\/2024\\\/05\\\/img-paris-junior-a6a4f9ecaa9f43b94ce2c580a2424b75.webp\",\"width\":1400,\"height\":650},{\"@type\":\"BreadcrumbList\",\"@id\":\"https:\\\/\\\/www.paris-junior.com\\\/fr\\\/contact\\\/#breadcrumb\",\"itemListElement\":[{\"@type\":\"ListItem\",\"position\":1,\"name\":\"Accueil\",\"item\":\"https:\\\/\\\/www.paris-junior.com\\\/fr\\\/\"},{\"@type\":\"ListItem\",\"position\":2,\"name\":\"Contact\"}]},{\"@type\":\"WebSite\",\"@id\":\"https:\\\/\\\/www.paris-junior.com\\\/fr\\\/#website\",\"url\":\"https:\\\/\\\/www.paris-junior.com\\\/fr\\\/\",\"name\":\"Paris Junior\",\"description\":\"\",\"potentialAction\":[{\"@type\":\"SearchAction\",\"target\":{\"@type\":\"EntryPoint\",\"urlTemplate\":\"https:\\\/\\\/www.paris-junior.com\\\/fr\\\/?s={search_term_string}\"},\"query-input\":{\"@type\":\"PropertyValueSpecification\",\"valueRequired\":true,\"valueName\":\"search_term_string\"}}],\"inLanguage\":\"fr-FR\"}]}<\/script>\n<!-- \/ Yoast SEO Premium plugin. -->","yoast_head_json":{"title":"Contactez French-Paris pour un cours de fran\u00e7ais - French Paris","description":"Contactez French-Paris pour choisir votre cours de fran\u00e7ais \u00e0 Paris et en France: cours de fran\u00e7ais intensif, semi-intensif ou de pr\u00e9paration aux examens.","robots":{"index":"index","follow":"follow","max-snippet":"max-snippet:-1","max-image-preview":"max-image-preview:large","max-video-preview":"max-video-preview:-1"},"canonical":"https:\/\/www.paris-junior.com\/fr\/contact\/","og_locale":"fr_FR","og_type":"article","og_title":"Contact","og_description":"Contactez French-Paris pour choisir votre cours de fran\u00e7ais \u00e0 Paris et en France: cours de fran\u00e7ais intensif, semi-intensif ou de pr\u00e9paration aux examens.","og_url":"https:\/\/www.paris-junior.com\/fr\/contact\/","og_site_name":"Paris Junior","article_modified_time":"2024-05-17T08:33:18+00:00","og_image":[{"width":1400,"height":650,"url":"https:\/\/www.paris-junior.com\/wp-content\/uploads\/2024\/05\/img-paris-junior-a6a4f9ecaa9f43b94ce2c580a2424b75.webp","type":"image\/webp"}],"twitter_card":"summary_large_image","twitter_misc":{"Dur\u00e9e de lecture estim\u00e9e":"1 minute"},"schema":{"@context":"https:\/\/schema.org","@graph":[{"@type":"WebPage","@id":"https:\/\/www.paris-junior.com\/fr\/contact\/","url":"https:\/\/www.paris-junior.com\/fr\/contact\/","name":"Contactez French-Paris pour un cours de fran\u00e7ais - French Paris","isPartOf":{"@id":"https:\/\/www.paris-junior.com\/fr\/#website"},"primaryImageOfPage":{"@id":"https:\/\/www.paris-junior.com\/fr\/contact\/#primaryimage"},"image":{"@id":"https:\/\/www.paris-junior.com\/fr\/contact\/#primaryimage"},"thumbnailUrl":"https:\/\/www.paris-junior.com\/wp-content\/uploads\/2024\/05\/img-paris-junior-a6a4f9ecaa9f43b94ce2c580a2424b75.webp","datePublished":"2024-03-06T13:46:23+00:00","dateModified":"2024-05-17T08:33:18+00:00","description":"Contactez French-Paris pour choisir votre cours de fran\u00e7ais \u00e0 Paris et en France: cours de fran\u00e7ais intensif, semi-intensif ou de pr\u00e9paration aux examens.","breadcrumb":{"@id":"https:\/\/www.paris-junior.com\/fr\/contact\/#breadcrumb"},"inLanguage":"fr-FR","potentialAction":[{"@type":"ReadAction","target":["https:\/\/www.paris-junior.com\/fr\/contact\/"]}]},{"@type":"ImageObject","inLanguage":"fr-FR","@id":"https:\/\/www.paris-junior.com\/fr\/contact\/#primaryimage","url":"https:\/\/www.paris-junior.com\/wp-content\/uploads\/2024\/05\/img-paris-junior-a6a4f9ecaa9f43b94ce2c580a2424b75.webp","contentUrl":"https:\/\/www.paris-junior.com\/wp-content\/uploads\/2024\/05\/img-paris-junior-a6a4f9ecaa9f43b94ce2c580a2424b75.webp","width":1400,"height":650},{"@type":"BreadcrumbList","@id":"https:\/\/www.paris-junior.com\/fr\/contact\/#breadcrumb","itemListElement":[{"@type":"ListItem","position":1,"name":"Accueil","item":"https:\/\/www.paris-junior.com\/fr\/"},{"@type":"ListItem","position":2,"name":"Contact"}]},{"@type":"WebSite","@id":"https:\/\/www.paris-junior.com\/fr\/#website","url":"https:\/\/www.paris-junior.com\/fr\/","name":"Paris Junior","description":"","potentialAction":[{"@type":"SearchAction","target":{"@type":"EntryPoint","urlTemplate":"https:\/\/www.paris-junior.com\/fr\/?s={search_term_string}"},"query-input":{"@type":"PropertyValueSpecification","valueRequired":true,"valueName":"search_term_string"}}],"inLanguage":"fr-FR"}]}},"_links":{"self":[{"href":"https:\/\/www.paris-junior.com\/fr\/wp-json\/wp\/v2\/pages\/218","targetHints":{"allow":["GET"]}}],"collection":[{"href":"https:\/\/www.paris-junior.com\/fr\/wp-json\/wp\/v2\/pages"}],"about":[{"href":"https:\/\/www.paris-junior.com\/fr\/wp-json\/wp\/v2\/types\/page"}],"author":[{"embeddable":true,"href":"https:\/\/www.paris-junior.com\/fr\/wp-json\/wp\/v2\/users\/1"}],"replies":[{"embeddable":true,"href":"https:\/\/www.paris-junior.com\/fr\/wp-json\/wp\/v2\/comments?post=218"}],"version-history":[{"count":10,"href":"https:\/\/www.paris-junior.com\/fr\/wp-json\/wp\/v2\/pages\/218\/revisions"}],"predecessor-version":[{"id":842,"href":"https:\/\/www.paris-junior.com\/fr\/wp-json\/wp\/v2\/pages\/218\/revisions\/842"}],"wp:featuredmedia":[{"embeddable":true,"href":"https:\/\/www.paris-junior.com\/fr\/wp-json\/wp\/v2\/media\/776"}],"wp:attachment":[{"href":"https:\/\/www.paris-junior.com\/fr\/wp-json\/wp\/v2\/media?parent=218"}],"curies":[{"name":"wp","href":"https:\/\/api.w.org\/{rel}","templated":true}]}}